{"id":158,"date":"2025-03-09T20:00:57","date_gmt":"2025-03-09T23:00:57","guid":{"rendered":"https:\/\/irohin.org.br\/acervo\/?page_id=158"},"modified":"2025-07-10T18:43:07","modified_gmt":"2025-07-10T21:43:07","slug":"pagina-principal","status":"publish","type":"page","link":"https:\/\/irohin.org.br\/acervo\/","title":{"rendered":"P\u00e1gina Principal"},"content":{"rendered":"\t\t<div data-elementor-type=\"wp-page\" data-elementor-id=\"158\" class=\"elementor elementor-158\">\n\t\t\t\t\t\t<section class=\"elementor-section elementor-top-section elementor-element elementor-element-586d5c950 elementor-section-full_width elementor-section-height-default elementor-section-height-default wpr-particle-no wpr-jarallax-no wpr-parallax-no wpr-sticky-section-no\" data-id=\"586d5c950\" data-element_type=\"section\" data-settings=\"{&quot;background_background&quot;:&quot;classic&quot;}\">\n\t\t\t\t\t\t<div class=\"elementor-container elementor-column-gap-default\">\n\t\t\t\t\t<div class=\"elementor-column elementor-col-33 elementor-top-column elementor-element elementor-element-6fac0477\" data-id=\"6fac0477\" data-element_type=\"column\">\n\t\t\t<div class=\"elementor-widget-wrap elementor-element-populated\">\n\t\t\t\t\t\t<div class=\"elementor-element elementor-element-77e938ba wpr-logo-position-center elementor-widget elementor-widget-wpr-logo\" data-id=\"77e938ba\" data-element_type=\"widget\" data-widget_type=\"wpr-logo.default\">\n\t\t\t\t<div class=\"elementor-widget-container\">\n\t\t\t\t\t\t\t\t\n\t\t\t<div class=\"wpr-logo elementor-clearfix\">\n\n\t\t\t\t\n\t\t\t\t\n\t\t\t\t\t\t\t\t\t<a class=\"wpr-logo-url\" rel=\"home\" aria-label=\"\" href=\"https:\/\/irohin.org.br\/acervo\/\"><\/a>\n\t\t\t\t\n\t\t\t<\/div>\n\t\t\t\t\n\t\t\t\t\t\t<\/div>\n\t\t\t\t<\/div>\n\t\t\t\t\t<\/div>\n\t\t<\/div>\n\t\t\t\t<div class=\"elementor-column elementor-col-33 elementor-top-column elementor-element elementor-element-403361ec\" data-id=\"403361ec\" data-element_type=\"column\">\n\t\t\t<div class=\"elementor-widget-wrap elementor-element-populated\">\n\t\t\t\t\t\t<div class=\"elementor-element elementor-element-24a5da8b wpr-main-menu-align-center wpr-main-menu-align--tabletcenter wpr-main-menu-align--mobilecenter wpr-pointer-none wpr-sub-icon-caret-down wpr-sub-menu-fx-fade wpr-nav-menu-bp-mobile wpr-mobile-menu-full-width wpr-mobile-menu-item-align-center wpr-mobile-toggle-v1 wpr-sub-divider-yes elementor-widget elementor-widget-wpr-nav-menu\" data-id=\"24a5da8b\" data-element_type=\"widget\" data-settings=\"{&quot;menu_layout&quot;:&quot;horizontal&quot;}\" data-widget_type=\"wpr-nav-menu.default\">\n\t\t\t\t<div class=\"elementor-widget-container\">\n\t\t\t\t\t<nav class=\"wpr-nav-menu-container wpr-nav-menu-horizontal\" data-trigger=\"hover\"><ul id=\"menu-1-24a5da8b\" class=\"wpr-nav-menu\"><li class=\"menu-item menu-item-type-custom menu-item-object-custom menu-item-26366\"><a href=\"https:\/\/irohin.org.br\/\" class=\"wpr-menu-item wpr-pointer-item\">In\u00edcio<\/a><\/li>\n<li class=\"menu-item menu-item-type-custom menu-item-object-custom menu-item-26367\"><a href=\"https:\/\/irohin.org.br\/radio\/\" class=\"wpr-menu-item wpr-pointer-item\">R\u00e1dio \u00ccroh\u00ecn<\/a><\/li>\n<li class=\"menu-item menu-item-type-custom menu-item-object-custom menu-item-26369\"><a href=\"https:\/\/irohin.org.br\/publicacoes\/\" class=\"wpr-menu-item wpr-pointer-item\">Publica\u00e7\u00f5es<\/a><\/li>\n<li class=\"menu-item menu-item-type-custom menu-item-object-custom menu-item-26368\"><a href=\"https:\/\/irohin.org.br\/em-breve\/\" class=\"wpr-menu-item wpr-pointer-item\">Cursos<\/a><\/li>\n<\/ul><\/nav><nav class=\"wpr-mobile-nav-menu-container\"><div class=\"wpr-mobile-toggle-wrap\"><div class=\"wpr-mobile-toggle\"><span class=\"wpr-mobile-toggle-line\"><\/span><span class=\"wpr-mobile-toggle-line\"><\/span><span class=\"wpr-mobile-toggle-line\"><\/span><\/div><\/div><ul id=\"mobile-menu-2-24a5da8b\" class=\"wpr-mobile-nav-menu\"><li class=\"menu-item menu-item-type-custom menu-item-object-custom menu-item-26366\"><a href=\"https:\/\/irohin.org.br\/\" class=\"wpr-mobile-menu-item\">In\u00edcio<\/a><\/li>\n<li class=\"menu-item menu-item-type-custom menu-item-object-custom menu-item-26367\"><a href=\"https:\/\/irohin.org.br\/radio\/\" class=\"wpr-mobile-menu-item\">R\u00e1dio \u00ccroh\u00ecn<\/a><\/li>\n<li class=\"menu-item menu-item-type-custom menu-item-object-custom menu-item-26369\"><a href=\"https:\/\/irohin.org.br\/publicacoes\/\" class=\"wpr-mobile-menu-item\">Publica\u00e7\u00f5es<\/a><\/li>\n<li class=\"menu-item menu-item-type-custom menu-item-object-custom menu-item-26368\"><a href=\"https:\/\/irohin.org.br\/em-breve\/\" class=\"wpr-mobile-menu-item\">Cursos<\/a><\/li>\n<\/ul><\/nav>\t\t\t\t<\/div>\n\t\t\t\t<\/div>\n\t\t\t\t\t<\/div>\n\t\t<\/div>\n\t\t\t\t<div class=\"elementor-column elementor-col-33 elementor-top-column elementor-element elementor-element-3aae2930 elementor-hidden-mobile\" data-id=\"3aae2930\" data-element_type=\"column\">\n\t\t\t<div class=\"elementor-widget-wrap elementor-element-populated\">\n\t\t\t\t\t\t<div class=\"elementor-element elementor-element-3e8234b elementor-align-center elementor-widget elementor-widget-button\" data-id=\"3e8234b\" data-element_type=\"widget\" data-widget_type=\"button.default\">\n\t\t\t\t<div class=\"elementor-widget-container\">\n\t\t\t\t\t\t\t\t\t<div class=\"elementor-button-wrapper\">\n\t\t\t\t\t<a class=\"elementor-button elementor-button-link elementor-size-sm\" href=\"https:\/\/irohin.org.br\">\n\t\t\t\t\t\t<span class=\"elementor-button-content-wrapper\">\n\t\t\t\t\t\t\t\t\t<span class=\"elementor-button-text\">Voltar ao site principal<\/span>\n\t\t\t\t\t<\/span>\n\t\t\t\t\t<\/a>\n\t\t\t\t<\/div>\n\t\t\t\t\t\t\t\t<\/div>\n\t\t\t\t<\/div>\n\t\t\t\t\t<\/div>\n\t\t<\/div>\n\t\t\t\t\t<\/div>\n\t\t<\/section>\n\t\t<div class=\"elementor-element elementor-element-7173877f0 e-con-full e-flex wpr-particle-no wpr-jarallax-no wpr-parallax-no wpr-sticky-section-no e-con e-parent\" data-id=\"7173877f0\" data-element_type=\"container\" data-settings=\"{&quot;background_background&quot;:&quot;classic&quot;}\">\n\t\t<div class=\"elementor-element elementor-element-5f62679f e-con-full e-flex wpr-particle-no wpr-jarallax-no wpr-parallax-no wpr-sticky-section-no e-con e-child\" data-id=\"5f62679f\" data-element_type=\"container\">\n\t\t\t\t<div class=\"elementor-element elementor-element-37869b1 wpr-dual-heading-icon-top elementor-invisible elementor-widget elementor-widget-wpr-dual-color-heading\" data-id=\"37869b1\" data-element_type=\"widget\" data-settings=\"{&quot;_animation&quot;:&quot;slideInLeft&quot;}\" data-widget_type=\"wpr-dual-color-heading.default\">\n\t\t\t\t<div class=\"elementor-widget-container\">\n\t\t\t\t\t\t\t\t<div class=\"wpr-dual-heading-wrap\">\n\t\t\t\t<div class=\"wpr-dual-title-wrap\">\n\t\t\t\t\t<h2 class=\"wpr-dual-title\">\n\t\t\t\t\t\t\t\t\t\t\t<span class=\"first\">Um novo acervo<\/span>\n\t\t\t\t\t\t\t\t\t\t\n\t\t\t\t\t\t\t\t\t\t\t<span class=\"second\">\u00ccroh\u00ecn<\/span>\n\t\t\t\t\t\t\t\t\t\t<\/h2>\n\t\t\t\t<\/div>\n\t\t\t\t\n\t\t\t\t\n\t\t\t\t\n\t\t\t<\/div>\n\t\t\t\t\t\t<\/div>\n\t\t\t\t<\/div>\n\t\t\t\t<div class=\"elementor-element elementor-element-9e09eba elementor-invisible elementor-widget elementor-widget-text-editor\" data-id=\"9e09eba\" data-element_type=\"widget\" data-settings=\"{&quot;_animation&quot;:&quot;slideInLeft&quot;,&quot;_animation_delay&quot;:100}\" data-widget_type=\"text-editor.default\">\n\t\t\t\t<div class=\"elementor-widget-container\">\n\t\t\t\t\t\t\t\t\t<p>Acesso aos documentos digitalizados, descritos, acess\u00edveis e preservados para a comunidade.<\/p>\t\t\t\t\t\t\t\t<\/div>\n\t\t\t\t<\/div>\n\t\t\t\t<div class=\"elementor-element elementor-element-4576c9bb wpr-button-icon-style-inline wpr-button-icon-position-right elementor-invisible elementor-widget elementor-widget-wpr-button\" data-id=\"4576c9bb\" data-element_type=\"widget\" data-settings=\"{&quot;_animation&quot;:&quot;slideInLeft&quot;,&quot;_animation_delay&quot;:200}\" data-widget_type=\"wpr-button.default\">\n\t\t\t\t<div class=\"elementor-widget-container\">\n\t\t\t\t\t\t\n\t\t\t\n\t\t\n\t\t<div class=\"wpr-button-wrap elementor-clearfix\">\n\t\t<a class=\"wpr-button wpr-button-effect wpr-button-none\" data-text=\"Go\" href=\"https:\/\/irohin.org.br\/acervo\/colecoes\/\">\n\t\t\t\n\t\t\t<span class=\"wpr-button-content\">\n\t\t\t\t\t\t\t\t\t<span class=\"wpr-button-text\">Acesse agora<\/span>\n\t\t\t\t\t\t\t\t\n\t\t\t\t\t\t\t<\/span>\n\t\t<\/a>\n\n\t\t\t\t<\/div>\n\t\n\t\n\t\t\t\t\t<\/div>\n\t\t\t\t<\/div>\n\t\t\t\t<\/div>\n\t\t<div class=\"elementor-element elementor-element-435911de elementor-hidden-tablet elementor-hidden-mobile e-flex e-con-boxed wpr-particle-no wpr-jarallax-no wpr-parallax-no wpr-sticky-section-no e-con e-child\" data-id=\"435911de\" data-element_type=\"container\">\n\t\t\t\t\t<div class=\"e-con-inner\">\n\t\t\t\t\t<\/div>\n\t\t\t\t<\/div>\n\t\t\t\t<\/div>\n\t\t<div class=\"elementor-element elementor-element-41b9879c e-flex e-con-boxed wpr-particle-no wpr-jarallax-no wpr-parallax-no wpr-sticky-section-no e-con e-parent\" data-id=\"41b9879c\" data-element_type=\"container\">\n\t\t\t\t\t<div class=\"e-con-inner\">\n\t\t<div class=\"elementor-element elementor-element-1930d7e1 e-flex e-con-boxed wpr-particle-no wpr-jarallax-no wpr-parallax-no wpr-sticky-section-no elementor-invisible e-con e-child\" data-id=\"1930d7e1\" data-element_type=\"container\" data-settings=\"{&quot;animation&quot;:&quot;fadeIn&quot;}\">\n\t\t\t\t\t<div class=\"e-con-inner\">\n\t\t\t\t<div class=\"elementor-element elementor-element-5507065f elementor-widget elementor-widget-heading\" data-id=\"5507065f\" data-element_type=\"widget\" data-widget_type=\"heading.default\">\n\t\t\t\t<div class=\"elementor-widget-container\">\n\t\t\t\t\t<h2 class=\"elementor-heading-title elementor-size-default\">Novo acervo \u00ccroh\u00ecn<\/h2>\t\t\t\t<\/div>\n\t\t\t\t<\/div>\n\t\t\t\t<div class=\"elementor-element elementor-element-10175f66 elementor-widget elementor-widget-heading\" data-id=\"10175f66\" data-element_type=\"widget\" data-widget_type=\"heading.default\">\n\t\t\t\t<div class=\"elementor-widget-container\">\n\t\t\t\t\t<h2 class=\"elementor-heading-title elementor-size-default\">Mem\u00f3ria do Movimento negro e de toda a nossa gente<\/h2>\t\t\t\t<\/div>\n\t\t\t\t<\/div>\n\t\t\t\t<div class=\"elementor-element elementor-element-2d2742d4 elementor-widget elementor-widget-text-editor\" data-id=\"2d2742d4\" data-element_type=\"widget\" data-widget_type=\"text-editor.default\">\n\t\t\t\t<div class=\"elementor-widget-container\">\n\t\t\t\t\t\t\t\t\t<p><span style=\"font-weight: 400;\">Um povo sem mem\u00f3ria \u00e9 como um carro sem motor, j\u00e1 dizia Steve Biko (1946-1977), m\u00e1rtir sul-africano na luta contra o apartheid. Desse modo, se pretendemos seguir adiante, temos que acionar, p\u00f4r em a\u00e7\u00e3o, nossa mem\u00f3ria de luta. Os compromissos que assumimos com a mem\u00f3ria sinalizam nossa disposi\u00e7\u00e3o de seguir em dire\u00e7\u00e3o ao futuro de uma sociedade democr\u00e1tica, justa e igualit\u00e1ria.<\/span><\/p><p><span style=\"font-weight: 400;\">O \u00ccroh\u00ecn busca ampliar o reconhecimento e a valoriza\u00e7\u00e3o da nossa hist\u00f3ria, colaborando para a preserva\u00e7\u00e3o e revitaliza\u00e7\u00e3o de um patrim\u00f4nio de import\u00e2ncia vital para a luta pela vida, pelos direitos de cidadania e por uma democracia verdadeiramente plural e inclusiva.<\/span><\/p><p><span style=\"font-weight: 400;\">Superamos obst\u00e1culos e dificuldades e estamos agora conseguindo colocar parte de nosso acervo \u00e0 disposi\u00e7\u00e3o de um p\u00fablico maior, que encontrar\u00e1 aqui, al\u00e9m de toda cole\u00e7\u00e3o do jornal \u00ccroh\u00ecn, diferentes suportes (fotos, panfletos, cartazes, bottons, relat\u00f3rios, etc) que registram atividades e reflex\u00f5es inspiradas pela luta contra o racismo e a discrimina\u00e7\u00e3o racial.<\/span><\/p>\t\t\t\t\t\t\t\t<\/div>\n\t\t\t\t<\/div>\n\t\t\t\t<div class=\"elementor-element elementor-element-28e52a71 elementor-icon-list--layout-traditional elementor-list-item-link-full_width elementor-widget elementor-widget-icon-list\" data-id=\"28e52a71\" data-element_type=\"widget\" data-widget_type=\"icon-list.default\">\n\t\t\t\t<div class=\"elementor-widget-container\">\n\t\t\t\t\t\t\t<ul class=\"elementor-icon-list-items\">\n\t\t\t\t\t\t\t<li class=\"elementor-icon-list-item\">\n\t\t\t\t\t\t\t\t\t\t\t<span class=\"elementor-icon-list-icon\">\n\t\t\t\t\t\t\t<svg aria-hidden=\"true\" class=\"e-font-icon-svg e-fas-check\" viewBox=\"0 0 512 512\" xmlns=\"http:\/\/www.w3.org\/2000\/svg\"><path d=\"M173.898 439.404l-166.4-166.4c-9.997-9.997-9.997-26.206 0-36.204l36.203-36.204c9.997-9.998 26.207-9.998 36.204 0L192 312.69 432.095 72.596c9.997-9.997 26.207-9.997 36.204 0l36.203 36.204c9.997 9.997 9.997 26.206 0 36.204l-294.4 294.401c-9.998 9.997-26.207 9.997-36.204-.001z\"><\/path><\/svg>\t\t\t\t\t\t<\/span>\n\t\t\t\t\t\t\t\t\t\t<span class=\"elementor-icon-list-text\">Plataforma de acesso em software livre<\/span>\n\t\t\t\t\t\t\t\t\t<\/li>\n\t\t\t\t\t\t\t\t<li class=\"elementor-icon-list-item\">\n\t\t\t\t\t\t\t\t\t\t\t<span class=\"elementor-icon-list-icon\">\n\t\t\t\t\t\t\t<svg aria-hidden=\"true\" class=\"e-font-icon-svg e-fas-check\" viewBox=\"0 0 512 512\" xmlns=\"http:\/\/www.w3.org\/2000\/svg\"><path d=\"M173.898 439.404l-166.4-166.4c-9.997-9.997-9.997-26.206 0-36.204l36.203-36.204c9.997-9.998 26.207-9.998 36.204 0L192 312.69 432.095 72.596c9.997-9.997 26.207-9.997 36.204 0l36.203 36.204c9.997 9.997 9.997 26.206 0 36.204l-294.4 294.401c-9.998 9.997-26.207 9.997-36.204-.001z\"><\/path><\/svg>\t\t\t\t\t\t<\/span>\n\t\t\t\t\t\t\t\t\t\t<span class=\"elementor-icon-list-text\">Plataforma intuitiva<\/span>\n\t\t\t\t\t\t\t\t\t<\/li>\n\t\t\t\t\t\t\t\t<li class=\"elementor-icon-list-item\">\n\t\t\t\t\t\t\t\t\t\t\t<span class=\"elementor-icon-list-icon\">\n\t\t\t\t\t\t\t<svg aria-hidden=\"true\" class=\"e-font-icon-svg e-fas-check\" viewBox=\"0 0 512 512\" xmlns=\"http:\/\/www.w3.org\/2000\/svg\"><path d=\"M173.898 439.404l-166.4-166.4c-9.997-9.997-9.997-26.206 0-36.204l36.203-36.204c9.997-9.998 26.207-9.998 36.204 0L192 312.69 432.095 72.596c9.997-9.997 26.207-9.997 36.204 0l36.203 36.204c9.997 9.997 9.997 26.206 0 36.204l-294.4 294.401c-9.998 9.997-26.207 9.997-36.204-.001z\"><\/path><\/svg>\t\t\t\t\t\t<\/span>\n\t\t\t\t\t\t\t\t\t\t<span class=\"elementor-icon-list-text\">Documentos digitalizados<\/span>\n\t\t\t\t\t\t\t\t\t<\/li>\n\t\t\t\t\t\t\t\t<li class=\"elementor-icon-list-item\">\n\t\t\t\t\t\t\t\t\t\t\t<span class=\"elementor-icon-list-icon\">\n\t\t\t\t\t\t\t<svg aria-hidden=\"true\" class=\"e-font-icon-svg e-fas-check\" viewBox=\"0 0 512 512\" xmlns=\"http:\/\/www.w3.org\/2000\/svg\"><path d=\"M173.898 439.404l-166.4-166.4c-9.997-9.997-9.997-26.206 0-36.204l36.203-36.204c9.997-9.998 26.207-9.998 36.204 0L192 312.69 432.095 72.596c9.997-9.997 26.207-9.997 36.204 0l36.203 36.204c9.997 9.997 9.997 26.206 0 36.204l-294.4 294.401c-9.998 9.997-26.207 9.997-36.204-.001z\"><\/path><\/svg>\t\t\t\t\t\t<\/span>\n\t\t\t\t\t\t\t\t\t\t<span class=\"elementor-icon-list-text\">Descri\u00e7\u00e3o arquivista<\/span>\n\t\t\t\t\t\t\t\t\t<\/li>\n\t\t\t\t\t\t\t\t<li class=\"elementor-icon-list-item\">\n\t\t\t\t\t\t\t\t\t\t\t<span class=\"elementor-icon-list-icon\">\n\t\t\t\t\t\t\t<svg aria-hidden=\"true\" class=\"e-font-icon-svg e-fas-check\" viewBox=\"0 0 512 512\" xmlns=\"http:\/\/www.w3.org\/2000\/svg\"><path d=\"M173.898 439.404l-166.4-166.4c-9.997-9.997-9.997-26.206 0-36.204l36.203-36.204c9.997-9.998 26.207-9.998 36.204 0L192 312.69 432.095 72.596c9.997-9.997 26.207-9.997 36.204 0l36.203 36.204c9.997 9.997 9.997 26.206 0 36.204l-294.4 294.401c-9.998 9.997-26.207 9.997-36.204-.001z\"><\/path><\/svg>\t\t\t\t\t\t<\/span>\n\t\t\t\t\t\t\t\t\t\t<span class=\"elementor-icon-list-text\">Funcionalidades para pesquisadores<\/span>\n\t\t\t\t\t\t\t\t\t<\/li>\n\t\t\t\t\t\t<\/ul>\n\t\t\t\t\t\t<\/div>\n\t\t\t\t<\/div>\n\t\t\t\t<div class=\"elementor-element elementor-element-5ba4d069 wpr-button-icon-style-inline wpr-button-icon-position-right elementor-widget elementor-widget-wpr-button\" data-id=\"5ba4d069\" data-element_type=\"widget\" data-widget_type=\"wpr-button.default\">\n\t\t\t\t<div class=\"elementor-widget-container\">\n\t\t\t\t\t\t\n\t\t\t\n\t\t\n\t\t<div class=\"wpr-button-wrap elementor-clearfix\">\n\t\t<a class=\"wpr-button wpr-button-effect wpr-button-none\" data-text=\"Go\" href=\"https:\/\/irohin.org.br\/acervo\/colecoes\/\">\n\t\t\t\n\t\t\t<span class=\"wpr-button-content\">\n\t\t\t\t\t\t\t\t\t<span class=\"wpr-button-text\">Acesse<\/span>\n\t\t\t\t\t\t\t\t\n\t\t\t\t\t\t\t<\/span>\n\t\t<\/a>\n\n\t\t\t\t<\/div>\n\t\n\t\n\t\t\t\t\t<\/div>\n\t\t\t\t<\/div>\n\t\t\t\t\t<\/div>\n\t\t\t\t<\/div>\n\t\t<div class=\"elementor-element elementor-element-506b3b1 elementor-hidden-tablet elementor-hidden-mobile e-flex e-con-boxed wpr-particle-no wpr-jarallax-no wpr-parallax-no wpr-sticky-section-no e-con e-child\" data-id=\"506b3b1\" data-element_type=\"container\">\n\t\t\t\t\t<div class=\"e-con-inner\">\n\t\t\t\t<div class=\"elementor-element elementor-element-325eeb91 elementor-invisible elementor-widget elementor-widget-image\" data-id=\"325eeb91\" data-element_type=\"widget\" data-settings=\"{&quot;_animation&quot;:&quot;slideInRight&quot;}\" data-widget_type=\"image.default\">\n\t\t\t\t<div class=\"elementor-widget-container\">\n\t\t\t\t\t\t\t\t\t\t\t\t\t\t\t<img fetchpriority=\"high\" decoding=\"async\" width=\"212\" height=\"300\" src=\"https:\/\/irohin.org.br\/acervo\/wp-content\/uploads\/sites\/2\/2025\/05\/IR20190319-1-212x300.png\" class=\"attachment-medium size-medium wp-image-24739\" alt=\"\" srcset=\"https:\/\/irohin.org.br\/acervo\/wp-content\/uploads\/sites\/2\/2025\/05\/IR20190319-1-212x300.png 212w, https:\/\/irohin.org.br\/acervo\/wp-content\/uploads\/sites\/2\/2025\/05\/IR20190319-1-724x1024.png 724w, https:\/\/irohin.org.br\/acervo\/wp-content\/uploads\/sites\/2\/2025\/05\/IR20190319-1-768x1087.png 768w, https:\/\/irohin.org.br\/acervo\/wp-content\/uploads\/sites\/2\/2025\/05\/IR20190319-1-1086x1536.png 1086w, https:\/\/irohin.org.br\/acervo\/wp-content\/uploads\/sites\/2\/2025\/05\/IR20190319-1-1447x2048.png 1447w, https:\/\/irohin.org.br\/acervo\/wp-content\/uploads\/sites\/2\/2025\/05\/IR20190319-1-205x290.png 205w, https:\/\/irohin.org.br\/acervo\/wp-content\/uploads\/sites\/2\/2025\/05\/IR20190319-1-480x679.png 480w, https:\/\/irohin.org.br\/acervo\/wp-content\/uploads\/sites\/2\/2025\/05\/IR20190319-1.png 1653w\" sizes=\"(max-width: 212px) 100vw, 212px\" \/>\t\t\t\t\t\t\t\t\t\t\t\t\t\t\t<\/div>\n\t\t\t\t<\/div>\n\t\t\t\t<div class=\"elementor-element elementor-element-148b9987 elementor-invisible elementor-widget elementor-widget-image\" data-id=\"148b9987\" data-element_type=\"widget\" data-settings=\"{&quot;_animation&quot;:&quot;slideInLeft&quot;,&quot;_animation_delay&quot;:100}\" data-widget_type=\"image.default\">\n\t\t\t\t<div class=\"elementor-widget-container\">\n\t\t\t\t\t\t\t\t\t\t\t\t\t\t\t<img decoding=\"async\" width=\"253\" height=\"300\" src=\"https:\/\/irohin.org.br\/acervo\/wp-content\/uploads\/sites\/2\/2025\/05\/Capa-Jornal-Irohin-20-1-253x300.png\" class=\"attachment-medium size-medium wp-image-24903\" alt=\"\" srcset=\"https:\/\/irohin.org.br\/acervo\/wp-content\/uploads\/sites\/2\/2025\/05\/Capa-Jornal-Irohin-20-1-253x300.png 253w, https:\/\/irohin.org.br\/acervo\/wp-content\/uploads\/sites\/2\/2025\/05\/Capa-Jornal-Irohin-20-1-865x1024.png 865w, https:\/\/irohin.org.br\/acervo\/wp-content\/uploads\/sites\/2\/2025\/05\/Capa-Jornal-Irohin-20-1-768x909.png 768w, https:\/\/irohin.org.br\/acervo\/wp-content\/uploads\/sites\/2\/2025\/05\/Capa-Jornal-Irohin-20-1-1297x1536.png 1297w, https:\/\/irohin.org.br\/acervo\/wp-content\/uploads\/sites\/2\/2025\/05\/Capa-Jornal-Irohin-20-1-1730x2048.png 1730w, https:\/\/irohin.org.br\/acervo\/wp-content\/uploads\/sites\/2\/2025\/05\/Capa-Jornal-Irohin-20-1-205x243.png 205w, https:\/\/irohin.org.br\/acervo\/wp-content\/uploads\/sites\/2\/2025\/05\/Capa-Jornal-Irohin-20-1-480x568.png 480w, https:\/\/irohin.org.br\/acervo\/wp-content\/uploads\/sites\/2\/2025\/05\/Capa-Jornal-Irohin-20-1.png 1984w\" sizes=\"(max-width: 253px) 100vw, 253px\" \/>\t\t\t\t\t\t\t\t\t\t\t\t\t\t\t<\/div>\n\t\t\t\t<\/div>\n\t\t\t\t\t<\/div>\n\t\t\t\t<\/div>\n\t\t\t\t\t<\/div>\n\t\t\t\t<\/div>\n\t\t\t\t<\/div>\n\t\t","protected":false},"excerpt":{"rendered":"<p>In\u00edcio R\u00e1dio \u00ccroh\u00ecn Publica\u00e7\u00f5es Cursos In\u00edcio R\u00e1dio \u00ccroh\u00ecn Publica\u00e7\u00f5es Cursos Voltar ao site principal Um novo acervo \u00ccroh\u00ecn Acesso aos documentos digitalizados, descritos, acess\u00edveis e preservados para a comunidade. Acesse agora Novo acervo \u00ccroh\u00ecn Mem\u00f3ria do Movimento negro e de toda a nossa gente Um povo sem mem\u00f3ria \u00e9 como um carro sem motor, j\u00e1 dizia Steve Biko (1946-1977), m\u00e1rtir sul-africano na luta contra o apartheid. Desse modo, se pretendemos seguir adiante, temos que acionar, p\u00f4r em a\u00e7\u00e3o, nossa mem\u00f3ria de luta. Os compromissos que assumimos com a mem\u00f3ria sinalizam nossa disposi\u00e7\u00e3o de seguir em dire\u00e7\u00e3o ao futuro de uma sociedade democr\u00e1tica, justa e igualit\u00e1ria. O \u00ccroh\u00ecn busca ampliar o reconhecimento e a valoriza\u00e7\u00e3o da nossa hist\u00f3ria, colaborando para a preserva\u00e7\u00e3o e revitaliza\u00e7\u00e3o de um patrim\u00f4nio de import\u00e2ncia vital para a luta pela vida, pelos direitos de cidadania e por uma democracia verdadeiramente plural e inclusiva. Superamos obst\u00e1culos e dificuldades e estamos agora conseguindo colocar parte de nosso acervo \u00e0 disposi\u00e7\u00e3o de um p\u00fablico maior, que encontrar\u00e1 aqui, al\u00e9m de toda cole\u00e7\u00e3o do jornal \u00ccroh\u00ecn, diferentes suportes (fotos, panfletos, cartazes, bottons, relat\u00f3rios, etc) que registram atividades e reflex\u00f5es inspiradas pela luta contra o racismo e a discrimina\u00e7\u00e3o racial. Plataforma de acesso em software livre Plataforma intuitiva Documentos digitalizados Descri\u00e7\u00e3o arquivista Funcionalidades para pesquisadores Acesse<\/p>\n","protected":false},"author":1,"featured_media":0,"parent":0,"menu_order":0,"comment_status":"closed","ping_status":"closed","template":"elementor_canvas","meta":{"_bbp_topic_count":0,"_bbp_reply_count":0,"_bbp_total_topic_count":0,"_bbp_total_reply_count":0,"_bbp_voice_count":0,"_bbp_anonymous_reply_count":0,"_bbp_topic_count_hidden":0,"_bbp_reply_count_hidden":0,"_bbp_forum_subforum_count":0,"footnotes":""},"class_list":["post-158","page","type-page","status-publish","hentry"],"_links":{"self":[{"href":"https:\/\/irohin.org.br\/acervo\/wp-json\/wp\/v2\/pages\/158","targetHints":{"allow":["GET"]}}],"collection":[{"href":"https:\/\/irohin.org.br\/acervo\/wp-json\/wp\/v2\/pages"}],"about":[{"href":"https:\/\/irohin.org.br\/acervo\/wp-json\/wp\/v2\/types\/page"}],"author":[{"embeddable":true,"href":"https:\/\/irohin.org.br\/acervo\/wp-json\/wp\/v2\/users\/1"}],"replies":[{"embeddable":true,"href":"https:\/\/irohin.org.br\/acervo\/wp-json\/wp\/v2\/comments?post=158"}],"version-history":[{"count":43,"href":"https:\/\/irohin.org.br\/acervo\/wp-json\/wp\/v2\/pages\/158\/revisions"}],"predecessor-version":[{"id":26396,"href":"https:\/\/irohin.org.br\/acervo\/wp-json\/wp\/v2\/pages\/158\/revisions\/26396"}],"wp:attachment":[{"href":"https:\/\/irohin.org.br\/acervo\/wp-json\/wp\/v2\/media?parent=158"}],"curies":[{"name":"wp","href":"https:\/\/api.w.org\/{rel}","templated":true}]}}